{"id":3517,"date":"2025-10-13T19:29:13","date_gmt":"2025-10-13T19:29:13","guid":{"rendered":"https:\/\/www.maaswinkellaw.com\/?page_id=3517"},"modified":"2026-01-23T10:49:27","modified_gmt":"2026-01-23T15:49:27","slug":"andy-nguyen","status":"publish","type":"page","link":"https:\/\/www.maaswinkellaw.com\/es\/nuestro-equipo\/andy-nguyen\/","title":{"rendered":"Andy Nguyen, Esq."},"content":{"rendered":"<div data-elementor-type=\"wp-page\" data-elementor-id=\"3517\" class=\"elementor elementor-3517\" data-elementor-post-type=\"page\">\n\t\t\t\t<div class=\"elementor-element elementor-element-3bb4e50 e-flex e-con-boxed e-con e-parent\" data-id=\"3bb4e50\" data-element_type=\"container\" data-e-type=\"container\" data-settings=\"{&quot;background_background&quot;:&quot;classic&quot;}\">\n\t\t\t\t\t<div class=\"e-con-inner\">\n\t\t<div class=\"elementor-element elementor-element-6137da3 e-con-full e-flex e-con e-child\" data-id=\"6137da3\" data-element_type=\"container\" data-e-type=\"container\">\n\t\t\t\t<div class=\"elementor-element elementor-element-7fd719c elementor-widget elementor-widget-heading\" data-id=\"7fd719c\" data-element_type=\"widget\" data-e-type=\"widget\" data-widget_type=\"heading.default\">\n\t\t\t\t\t<h1 class=\"elementor-heading-title elementor-size-default\">Andy Nguyen, Esq.<\/h1>\t\t\t\t<\/div>\n\t\t\t\t<div class=\"elementor-element elementor-element-d2fa187 elementor-widget elementor-widget-heading\" data-id=\"d2fa187\" data-element_type=\"widget\" data-e-type=\"widget\" data-widget_type=\"heading.default\">\n\t\t\t\t\t<h2 class=\"elementor-heading-title elementor-size-default\">Abogado vietnamita - Prestando servicios en Orlando y Florida Central<\/h2>\t\t\t\t<\/div>\n\t\t\t\t<\/div>\n\t\t\t\t\t<\/div>\n\t\t\t\t<\/div>\n\t\t<div class=\"elementor-element elementor-element-f3bcb6c e-flex e-con-boxed e-con e-parent\" data-id=\"f3bcb6c\" data-element_type=\"container\" data-e-type=\"container\">\n\t\t\t\t\t<div class=\"e-con-inner\">\n\t\t<div class=\"elementor-element elementor-element-8b60bb8 e-con-full e-flex e-con e-child\" data-id=\"8b60bb8\" data-element_type=\"container\" data-e-type=\"container\">\n\t\t\t\t<div class=\"elementor-element elementor-element-ddf3c34 elementor-widget__width-initial elementor-widget elementor-widget-image\" data-id=\"ddf3c34\" data-element_type=\"widget\" data-e-type=\"widget\" data-widget_type=\"image.default\">\n\t\t\t\t\t\t\t\t\t\t\t\t<figure class=\"wp-caption\">\n\t\t\t\t\t\t\t\t\t\t\t<a href=\"https:\/\/www.avvo.com\/attorneys\/32803-fl-gregory-maaswinkel-1245434.html\" target=\"_blank\" rel=\"noopener\">\n\t\t\t\t\t\t\t<img fetchpriority=\"high\" decoding=\"async\" width=\"800\" height=\"727\" src=\"https:\/\/www.maaswinkellaw.com\/wp-content\/uploads\/2025\/09\/Andy-Headshot-1024x930.jpg\" class=\"attachment-large size-large wp-image-1156\" alt=\"Andy Nguyen - Abogado vietnamita en Orlando, Florida - Maaswinkel Law\" srcset=\"https:\/\/www.maaswinkellaw.com\/wp-content\/uploads\/2025\/09\/Andy-Headshot-1024x930.jpg 1024w, https:\/\/www.maaswinkellaw.com\/wp-content\/uploads\/2025\/09\/Andy-Headshot-300x273.jpg 300w, https:\/\/www.maaswinkellaw.com\/wp-content\/uploads\/2025\/09\/Andy-Headshot-768x698.jpg 768w, https:\/\/www.maaswinkellaw.com\/wp-content\/uploads\/2025\/09\/Andy-Headshot.jpg 1488w\" sizes=\"(max-width: 800px) 100vw, 800px\" \/>\t\t\t\t\t\t\t\t<\/a>\n\t\t\t\t\t\t\t\t\t\t\t<figcaption class=\"widget-image-caption wp-caption-text\">Andy Nguyen, Abogado<\/figcaption>\n\t\t\t\t\t\t\t\t\t\t<\/figure>\n\t\t\t\t\t\t\t\t\t<\/div>\n\t\t\t\t<\/div>\n\t\t<div class=\"elementor-element elementor-element-efca017 e-con-full e-flex e-con e-child\" data-id=\"efca017\" data-element_type=\"container\" data-e-type=\"container\">\n\t\t\t\t<div class=\"elementor-element elementor-element-1254fc4 elementor-widget__width-initial elementor-widget elementor-widget-text-editor\" data-id=\"1254fc4\" data-element_type=\"widget\" data-e-type=\"widget\" data-widget_type=\"text-editor.default\">\n\t\t\t\t\t\t\t\t\t<div id=\"model-response-message-contentr_0ce66b8e91329429\" class=\"markdown markdown-main-panel tutor-markdown-rendering stronger enable-updated-hr-color\" dir=\"ltr\"><p><span class=\"citation-0 recitation citation-end-0\"><b>Abogado Andy Nguyen<\/b> naci\u00f3 en California, pero ha pasado la mayor parte de su vida en Florida Central.<sup class=\"superscript\" data-turn-source-index=\"1\">1<\/sup><\/span> <span class=\"citation-1 recitation citation-end-1\">Estudi\u00f3 en la Universidad de Florida Central, donde se licenci\u00f3 en Gesti\u00f3n Empresarial.<\/span>\u00a0<span class=\"citation-2 recitation citation-end-2\">Durante su estancia all\u00ed, fue miembro de Phi Delta Psi y se comprometi\u00f3 con el voluntariado comunitario.<\/span>\u00a0<span class=\"citation-3 recitation citation-end-3\">Despu\u00e9s de la universidad, Andy empez\u00f3 una carrera como contable, trabajando para una empresa del sector de la construcci\u00f3n de viviendas y ascendiendo hasta el puesto de contable jefe.<\/span><\/p><p><span class=\"citation-4 recitation\">Impulsado por el deseo de una carrera m\u00e1s satisfactoria y la oportunidad de ayudar a los necesitados, Andy se doctor\u00f3 en Derecho en la Universidad de Harvard. <\/span><b><span class=\"citation-4 recitation\">Facultad de Derecho Dwayne O'Andrea de la Universidad Barry<\/span><\/b><span class=\"citation-4 recitation\">graduado en <\/span><b><span class=\"citation-4 recitation\">2022<\/span><\/b><span class=\"citation-4 recitation citation-end-4\">.<\/span>\u00a0<span class=\"citation-5 recitation citation-end-5\">Mientras estudiaba Derecho, adquiri\u00f3 una valiosa experiencia haciendo pr\u00e1cticas en la Legal Aid Society, donde ayud\u00f3 a personas con bajos ingresos en asuntos legales.<\/span><\/p><h4><strong><span class=\"citation-5 recitation citation-end-5\">Andy Nguyen, abogado multiling\u00fce (ingl\u00e9s y vietnamita)\u00a0<\/span><\/strong><\/h4><p><span class=\"citation-6 recitation\">Andy habla y escribe con fluidez <\/span><a href=\"https:\/\/www.maaswinkellaw.com\/es\/abogado-vietnamita\/\"><b><span class=\"citation-6 recitation\">Vietnamita<\/span><\/b><\/a><span class=\"citation-6 recitation citation-end-6\">Ello le ha permitido establecer una fuerte conexi\u00f3n con la comunidad vietnamita de Orlando.<\/span>\u00a0Esta relaci\u00f3n y sus antecedentes le inspiraron para defender a quienes se encuentran en desventaja debido a las barreras ling\u00fc\u00edsticas, las diferencias culturales y la falta de representaci\u00f3n legal.<\/p><p><span class=\"citation-7 recitation\">Como abogado, Andy utiliza su pasi\u00f3n y perspicacia empresarial para defender los derechos de las personas frente a poderosas compa\u00f1\u00edas de seguros y grandes empresas en casos relacionados con <\/span><b><span class=\"citation-7 recitation\">da\u00f1os personales<\/span><\/b><span class=\"citation-7 recitation\"> y <\/span><b><span class=\"citation-7 recitation\">reclamaciones de indemnizaci\u00f3n por accidente laboral<\/span><\/b><span class=\"citation-7 recitation citation-end-7\">.<\/span>\u00a0<span class=\"citation-8 recitation\">Tambi\u00e9n dedica su pr\u00e1ctica a ayudar a las personas a navegar por la compleja <\/span><b><span class=\"citation-8 recitation\">sistema de inmigraci\u00f3n<\/span><\/b><span class=\"citation-8 recitation citation-end-8\"> alcanzar sus sue\u00f1os de convertirse en ciudadanos de Estados Unidos.<\/span>\u00a0<span class=\"citation-9 recitation\">Andy es miembro de la <\/span><b><span class=\"citation-9 recitation\">Colegio de Abogados de Florida<\/span><\/b><span class=\"citation-9 recitation citation-end-9\">.<\/span><\/p><\/div>\t\t\t\t\t\t\t\t<\/div>\n\t\t\t\t<div class=\"elementor-element elementor-element-349b5a1 elementor-cta--layout-image-right elementor-cta--skin-classic elementor-animated-content elementor-bg-transform elementor-bg-transform-zoom-in elementor-widget elementor-widget-call-to-action\" data-id=\"349b5a1\" data-element_type=\"widget\" data-e-type=\"widget\" data-widget_type=\"call-to-action.default\">\n\t\t\t\t\t\t\t<div class=\"elementor-cta\">\n\t\t\t\t\t<div class=\"elementor-cta__bg-wrapper\">\n\t\t\t\t<div class=\"elementor-cta__bg elementor-bg\" style=\"background-image: url(https:\/\/www.maaswinkellaw.com\/wp-content\/uploads\/2025\/09\/Alison-683x1024.jpg);\" role=\"img\" aria-label=\"Alison\"><\/div>\n\t\t\t\t<div class=\"elementor-cta__bg-overlay\"><\/div>\n\t\t\t<\/div>\n\t\t\t\t\t\t\t<div class=\"elementor-cta__content\">\n\t\t\t\t\n\t\t\t\t\t\t\t\t\t<h3 class=\"elementor-cta__title elementor-cta__content-item elementor-content-item\">\n\t\t\t\t\t\tHabla hoy mismo con Andy <br \/><small>Hable hoy mismo con el abogado Andy.<\/small>\t\t\t\t\t<\/h3>\n\t\t\t\t\n\t\t\t\t\t\t\t\t\t<div class=\"elementor-cta__description elementor-cta__content-item elementor-content-item\">\n\t\t\t\t\t\tSi usted o un ser querido ha sufrido lesiones, no permita que la barrera del idioma le impida obtener justicia. Comun\u00edquese con Andy Nguyen y nuestro equipo legal, que habla vietnamita con fluidez, para una consulta gratuita y confidencial.\t\t\t\t\t<\/div>\n\t\t\t\t\n\t\t\t\t\t\t\t\t\t<div class=\"elementor-cta__button-wrapper elementor-cta__content-item elementor-content-item\">\n\t\t\t\t\t<a class=\"elementor-cta__button elementor-button elementor-size-\">\n\t\t\t\t\t\tP\u00f3ngase en contacto con Andy hoy mismo\t\t\t\t\t<\/a>\n\t\t\t\t\t<\/div>\n\t\t\t\t\t\t\t<\/div>\n\t\t\t\t\t\t<\/div>\n\t\t\t\t\t\t<\/div>\n\t\t\t\t<div class=\"elementor-element elementor-element-60ea3cc elementor-widget__width-initial elementor-widget elementor-widget-text-editor\" data-id=\"60ea3cc\" data-element_type=\"widget\" data-e-type=\"widget\" data-widget_type=\"text-editor.default\">\n\t\t\t\t\t\t\t\t\t<div id=\"model-response-message-contentr_0ce66b8e91329429\" class=\"markdown markdown-main-panel tutor-markdown-rendering stronger enable-updated-hr-color\" dir=\"ltr\"><p><b style=\"color: inherit; font-family: inherit; font-size: 1.5rem;\" data-path-to-node=\"10\" data-index-in-node=\"0\">M\u00e1s que un abogado: un puente entre dos mundos<\/b><\/p><p data-path-to-node=\"11\">Para muchos miembros de la comunidad vietnamita, el sistema legal estadounidense puede parecer un terreno desconocido, con su propio lenguaje y reglas t\u00e1citas. <b data-path-to-node=\"11\" data-index-in-node=\"140\">Andy Nguyen<\/b> Naci\u00f3 y se cri\u00f3 con un profundo respeto por la herencia vietnamita, y entiende que una representaci\u00f3n legal eficaz requiere algo m\u00e1s que habilidades biling\u00fces: requiere <b data-path-to-node=\"11\" data-index-in-node=\"325\">competencia cultural.<\/b><\/p><p data-path-to-node=\"12\">Andy act\u00faa como \u201cpuente cultural\u201d para sus clientes, asegur\u00e1ndose de que:<\/p><ul data-path-to-node=\"13\"><li><p data-path-to-node=\"13,0,0\"><b data-path-to-node=\"13,0,0\" data-index-in-node=\"0\">Nunca se pierde el matiz:<\/b> \u00c9l entiende que conceptos como <i data-path-to-node=\"13,0,0\" data-index-in-node=\"56\">Mantener la compostura<\/i> (Salvar las apariencias) puede influir en la forma en que un cliente cuenta su historia, y \u00e9l los prepara para afrontar las declaraciones con confianza.<\/p><\/li><li><p data-path-to-node=\"13,1,0\"><b data-path-to-node=\"13,1,0\" data-index-in-node=\"0\">La familia es lo primero:<\/b> Reconoce que, en nuestra comunidad, las decisiones legales suelen afectar a toda la familia, y agradece ese apoyo colectivo.<\/p><\/li><li><p data-path-to-node=\"13,2,0\"><b data-path-to-node=\"13,2,0\" data-index-in-node=\"0\">El sistema te entiende:<\/b> Traduce los matices \u201cde alto contexto\u201d de la cultura vietnamita a los requisitos \u201cde bajo contexto\u201d y basados en pruebas del sistema judicial de Florida.<\/p><\/li><\/ul><\/div>\t\t\t\t\t\t\t\t<\/div>\n\t\t\t\t<div class=\"elementor-element elementor-element-ff382c6 elementor-blockquote--skin-border elementor-widget elementor-widget-blockquote\" data-id=\"ff382c6\" data-element_type=\"widget\" data-e-type=\"widget\" data-widget_type=\"blockquote.default\">\n\t\t\t\t\t\t\t<blockquote class=\"elementor-blockquote\">\n\t\t\t<p class=\"elementor-blockquote__content\">\n\t\t\t\t\"Creo que la representaci\u00f3n legal es algo m\u00e1s que un expediente judicial; se trata de apoyar a la comunidad en su conjunto. Para ayudar a nuestros vecinos a desenvolverse m\u00e1s f\u00e1cilmente en la vida en Florida Central, he elaborado una Gu\u00eda de recursos para la comunidad vietnamita de Florida Central en la que se incluyen m\u00e9dicos biling\u00fces, asociaciones profesionales como GOAABA y centros culturales locales.\"\t\t\t<\/p>\n\t\t\t\t\t\t\t<div class=\"e-q-footer\">\n\t\t\t\t\t\t\t\t\t\t\t<cite class=\"elementor-blockquote__author\">Andy Nguyen, Esq.<\/cite>\n\t\t\t\t\t\t\t\t\t\t\t\t\t\t<\/div>\n\t\t\t\t\t<\/blockquote>\n\t\t\t\t\t\t<\/div>\n\t\t\t\t<\/div>\n\t\t\t\t\t<\/div>\n\t\t\t\t<\/div>\n\t\t\t\t<\/div>","protected":false},"excerpt":{"rendered":"<p>Vietnamese Attorney serving Orlando &#038; Central Florida<\/p>","protected":false},"author":1,"featured_media":3531,"parent":3508,"menu_order":0,"comment_status":"closed","ping_status":"closed","template":"elementor_header_footer","meta":{"_acf_changed":false,"footnotes":""},"class_list":["post-3517","page","type-page","status-publish","has-post-thumbnail","hentry"],"acf":[],"_links":{"self":[{"href":"https:\/\/www.maaswinkellaw.com\/es\/wp-json\/wp\/v2\/pages\/3517","targetHints":{"allow":["GET"]}}],"collection":[{"href":"https:\/\/www.maaswinkellaw.com\/es\/wp-json\/wp\/v2\/pages"}],"about":[{"href":"https:\/\/www.maaswinkellaw.com\/es\/wp-json\/wp\/v2\/types\/page"}],"author":[{"embeddable":true,"href":"https:\/\/www.maaswinkellaw.com\/es\/wp-json\/wp\/v2\/users\/1"}],"replies":[{"embeddable":true,"href":"https:\/\/www.maaswinkellaw.com\/es\/wp-json\/wp\/v2\/comments?post=3517"}],"version-history":[{"count":52,"href":"https:\/\/www.maaswinkellaw.com\/es\/wp-json\/wp\/v2\/pages\/3517\/revisions"}],"predecessor-version":[{"id":4208,"href":"https:\/\/www.maaswinkellaw.com\/es\/wp-json\/wp\/v2\/pages\/3517\/revisions\/4208"}],"up":[{"embeddable":true,"href":"https:\/\/www.maaswinkellaw.com\/es\/wp-json\/wp\/v2\/pages\/3508"}],"wp:featuredmedia":[{"embeddable":true,"href":"https:\/\/www.maaswinkellaw.com\/es\/wp-json\/wp\/v2\/media\/3531"}],"wp:attachment":[{"href":"https:\/\/www.maaswinkellaw.com\/es\/wp-json\/wp\/v2\/media?parent=3517"}],"curies":[{"name":"wp","href":"https:\/\/api.w.org\/{rel}","templated":true}]}}